{"id":12564,"date":"2017-05-09T09:17:15","date_gmt":"2017-05-09T07:17:15","guid":{"rendered":"https:\/\/www.gmprojekt.si\/o-nas\/"},"modified":"2023-09-05T17:51:51","modified_gmt":"2023-09-05T15:51:51","slug":"o-nas","status":"publish","type":"page","link":"https:\/\/www.gmprojekt.si\/sl\/o-nas\/","title":{"rendered":"O nas"},"content":{"rendered":"<div class=\"fusion-fullwidth fullwidth-box fusion-builder-row-1 hundred-percent-fullwidth non-hundred-percent-height-scrolling\" style=\"--awb-border-radius-top-left:0px;--awb-border-radius-top-right:0px;--awb-border-radius-bottom-right:0px;--awb-border-radius-bottom-left:0px;--awb-overflow:visible;--awb-flex-wrap:wrap;\" ><div class=\"fusion-builder-row fusion-row\"><div class=\"fusion-layout-column fusion_builder_column fusion-builder-column-0 fusion_builder_column_2_3 2_3 fusion-two-third fusion-column-first\" style=\"--awb-bg-size:cover;width:65.3333%; margin-right: 4%;\"><div class=\"fusion-column-wrapper fusion-flex-column-wrapper-legacy\"><div class=\"fusion-title title fusion-title-1 fusion-title-text fusion-title-size-two\" style=\"--awb-margin-top-small:10px;--awb-margin-right-small:0px;--awb-margin-bottom-small:10px;--awb-margin-left-small:0px;\"><h2 class=\"fusion-title-heading title-heading-left\" style=\"margin:0;\"><p class=\"western\">Od odli\u010dnih re\u0161itev do zadovoljnih strank<\/p><\/h2><span class=\"awb-title-spacer\"><\/span><div class=\"title-sep-container\"><div class=\"title-sep sep-double sep-solid\" style=\"border-color:#e0dede;\"><\/div><\/div><\/div><div class=\"fusion-text fusion-text-1\"><p class=\"western\"><strong>GM PROJEKT je zanesljiv in strokoven partner.<\/strong><\/p>\n<p class=\"western\">V podjetju GM PROJEKT zagotavljamo najbolj\u0161e varnostne re\u0161itve, ki zadostijo najvi\u0161jim zahtevam glede varnosti. Na\u0161a ekipa strokovnjakov je visoko usposobljena na podro\u010dju razpoznavanja o\u010desne \u0161arenice in ostalih posebnih varnostnih re\u0161itev. Imamo ve\u010d kot dvajset let izku\u0161enj s podro\u010dja tehni\u010dnega varovanja in projektnega vodenja ter nudimo optimalne re\u0161itve glede na potrebe strank.<\/p>\n<p class=\"western\"><strong>Imamo vse potrebne licence za izvajanje dejavnosti, ki jih zahteva slovenska zakonodaja.<\/strong><\/p>\n<p class=\"western\">IZS \u2013 odgovorni projektant in odgovorni nadzornik za elektri\u010dne in\u0161talacije, opremo in telekomunikacije, licenca E-1593.<br \/>\nZRSZV \u2013 varnostni mened\u017eer, poobla\u0161\u010deni in\u017eenir varnostnih sistemov, varnostni tehnik.<\/p>\n<p class=\"western\">ZRSZV \u2013 licenca za na\u010drtovanje varnostnih sistemov in licenca za izvajanje varnostnih sistemov.<\/p>\n<p class=\"western\"><strong>Mag. Gorazd Mandelj, lastnik in direktor podjetja GM PROJEKT, je strokovnjak na podro\u010dju tehni\u010dnega varovanja in razpoznavanja o\u010desne \u0161arenice.<\/strong><\/p>\n<p class=\"western\">Podjetje je ustanovil mag. Gorazd Mandelj. Leta 1998 je diplomiral na Fakulteti za elektrotehniko. Leta 2005 pa je magistriral z magistrsko nalogo na temo razpoznavanja o\u010desne \u0161arenice kot najbolj natan\u010dne biometri\u010dne metode.<\/p>\n<p class=\"western\">Njegove delovne izku\u0161nje obsegajo:<\/p>\n<p class=\"western\">Vodja razvojnega oddelka (Sintal d.d.), Sistemski in\u017eenir (G7 d.o.o.), Projektni vodja, Direktor projekta, Direktor podro\u010dja za tehni\u010dno varovanje, Pomo\u010dnik direktorja podro\u010dja za obrambo in varnost, Direktor podro\u010dja za avtomatizacijo \u017eelezni\u0161kega prometa in Direktor poslovne divizije promet (Iskra d.d.).<\/p>\n<p class=\"western\">Njegova ekspertna znanja vklju\u010dujejo:<br \/>\nbiometrijo \u2013 razpoznavanje o\u010desne \u0161arenice;<br \/>\nsisteme za avtomatsko javljanje po\u017eara \u2013 linijsko javljanje po\u017eara z opti\u010dnimi kabli Fibrolaser, DE.TECT, PRE.VENT za avtocestne predore, industrijske proizvodne obrate, kriti\u010dno infrastrukturo ipd.<\/p>\n<p class=\"western\">Njegove ve\u0161\u010dine obsegajo:<br \/>\nprojektni mened\u017ement \u2013 vodenje in koordinacija velikih infrastrukturnih projektov;<br \/>\nposlovni mened\u017ement \u2013 poslovodenje, poslovna strategija, razvoj novih produktov in poslovnih strategij;<br \/>\nupravljanje s \u010dlove\u0161kimi viri (HRM) \u2013 izgradnja specialisti\u010dnih tehni\u010dnih ekip;<br \/>\nelektrotehni\u010dni in\u017eeniring \u2013 razvoj telekomunikacijskih in varnostnih re\u0161itev, njihova implementacija in integracija;<br \/>\nZRSZV \u2013 predavatelj za nacionalne poklicne kvalifikacije (NPK) za tehni\u010dno varovanje.<\/p>\n<\/div><div class=\"fusion-clearfix\"><\/div><\/div><\/div><div class=\"fusion-layout-column fusion_builder_column fusion-builder-column-1 fusion_builder_column_1_3 1_3 fusion-one-third fusion-column-last\" style=\"--awb-bg-size:cover;width:30.6666%;\"><div class=\"fusion-column-wrapper fusion-flex-column-wrapper-legacy\"><div class=\"fusion-title title fusion-title-2 fusion-title-text fusion-title-size-two\" style=\"--awb-margin-top:20px;--awb-margin-top-small:10px;--awb-margin-right-small:0px;--awb-margin-bottom-small:10px;--awb-margin-left-small:0px;\"><h2 class=\"fusion-title-heading title-heading-left\" style=\"margin:0;\">Na\u0161e kvalitete<\/h2><span class=\"awb-title-spacer\"><\/span><div class=\"title-sep-container\"><div class=\"title-sep sep-double sep-solid\" style=\"border-color:#e0dede;\"><\/div><\/div><\/div><ul style=\"--awb-size:13px;--awb-line-height:22.1px;--awb-icon-width:22.1px;--awb-icon-height:22.1px;--awb-icon-margin:9.1px;--awb-content-margin:31.2px;--awb-circlecolor:#e9a825;--awb-circle-yes-font-size:11.44px;\" class=\"fusion-checklist fusion-checklist-1 fusion-checklist-default type-icons\"><li class=\"fusion-li-item\" style=\"\"><span class=\"icon-wrapper circle-yes\"><i class=\"fusion-li-icon fa fa-check\" aria-hidden=\"true\"><\/i><\/span><div class=\"fusion-li-item-content\">Zaupanje, profesionalnost in integriteta<\/div><\/li><li class=\"fusion-li-item\" style=\"\"><span class=\"icon-wrapper circle-yes\"><i class=\"fusion-li-icon fa fa-check\" aria-hidden=\"true\"><\/i><\/span><div class=\"fusion-li-item-content\">Vse potrebne licence in \u010dlanstva<\/div><\/li><\/ul><div class=\"fusion-title title fusion-title-3 fusion-title-text fusion-title-size-two\" style=\"--awb-margin-top:20px;--awb-margin-top-small:10px;--awb-margin-right-small:0px;--awb-margin-bottom-small:10px;--awb-margin-left-small:0px;\"><h2 class=\"fusion-title-heading title-heading-left\" style=\"margin:0;\">Na\u0161e kompetence<\/h2><span class=\"awb-title-spacer\"><\/span><div class=\"title-sep-container\"><div class=\"title-sep sep-double sep-solid\" style=\"border-color:#e0dede;\"><\/div><\/div><\/div><ul style=\"--awb-size:13px;--awb-line-height:22.1px;--awb-icon-width:22.1px;--awb-icon-height:22.1px;--awb-icon-margin:9.1px;--awb-content-margin:31.2px;--awb-circlecolor:#e9a825;--awb-circle-yes-font-size:11.44px;\" class=\"fusion-checklist fusion-checklist-2 fusion-checklist-default type-icons\"><li class=\"fusion-li-item\" style=\"\"><span class=\"icon-wrapper circle-yes\"><i class=\"fusion-li-icon fa fa-check\" aria-hidden=\"true\"><\/i><\/span><div class=\"fusion-li-item-content\">Strokovnjaki za biometri\u010dne sisteme z razpoznavanjem o\u010desne \u0161arenice<\/div><\/li><li class=\"fusion-li-item\" style=\"\"><span class=\"icon-wrapper circle-yes\"><i class=\"fusion-li-icon fa fa-check\" aria-hidden=\"true\"><\/i><\/span><div class=\"fusion-li-item-content\">Strokovnjaki za najzahtevnej\u0161e varnostne sisteme<\/div><\/li><li class=\"fusion-li-item\" style=\"\"><span class=\"icon-wrapper circle-yes\"><i class=\"fusion-li-icon fa fa-check\" aria-hidden=\"true\"><\/i><\/span><div class=\"fusion-li-item-content\">Strokovnjaki za integracijo vanostnih sistemov<\/div><\/li><li class=\"fusion-li-item\" style=\"\"><span class=\"icon-wrapper circle-yes\"><i class=\"fusion-li-icon fa fa-check\" aria-hidden=\"true\"><\/i><\/span><div class=\"fusion-li-item-content\">Odli\u010dni smo v projektnem vodenju<\/div><\/li><li class=\"fusion-li-item\" style=\"\"><span class=\"icon-wrapper circle-yes\"><i class=\"fusion-li-icon fa fa-check\" aria-hidden=\"true\"><\/i><\/span><div class=\"fusion-li-item-content\">Odli\u010dni smo v varnostnem svetovanju in izobra\u017eevanju<\/div><\/li><\/ul><div class=\"fusion-title title fusion-title-4 fusion-title-text fusion-title-size-two\" style=\"--awb-margin-top:20px;--awb-margin-top-small:10px;--awb-margin-right-small:0px;--awb-margin-bottom-small:10px;--awb-margin-left-small:0px;\"><h2 class=\"fusion-title-heading title-heading-left\" style=\"margin:0;\">Na\u0161i temelji<\/h2><span class=\"awb-title-spacer\"><\/span><div class=\"title-sep-container\"><div class=\"title-sep sep-double sep-solid\" style=\"border-color:#e0dede;\"><\/div><\/div><\/div><div class=\"fusion-text fusion-text-2\"><p class=\"western\"><strong>Na\u0161 poslanstvo:<\/strong> Nudimo najbolj\u0161e varnostne re\u0161itve z najvi\u0161jimi varnostnimi zahtevami korporativnim, javnim in zasebnim strankam.<\/p>\n<p class=\"western\"><strong>Na\u0161e vrednote:<\/strong> S strokovnostjo, profesionalnostjo in integriteto vzpostavljamo zaupanja vredne odnose z na\u0161imi partnerji oz. strankami.<\/p>\n<p class=\"western\"><strong>Na\u0161a vizija:<\/strong> Smo vodilni strokovnjak na podro\u010dju razpoznavanja o\u010desne \u0161arenice in posebnih varnostnih re\u0161itev s tehni\u010dno podporo v \u0161ir\u0161i geografski regiji.<\/p>\n<\/div><div class=\"fusion-title title fusion-title-5 fusion-title-text fusion-title-size-two\" style=\"--awb-margin-top:20px;--awb-margin-top-small:10px;--awb-margin-right-small:0px;--awb-margin-bottom-small:10px;--awb-margin-left-small:0px;\"><h2 class=\"fusion-title-heading title-heading-left\" style=\"margin:0;\">AAA Bisnode certifikat<\/p>\n<p>&nbsp;<\/h2><span class=\"awb-title-spacer\"><\/span><div class=\"title-sep-container\"><div class=\"title-sep sep-double sep-solid\" style=\"border-color:#e0dede;\"><\/div><\/div><\/div><div class=\"fusion-text fusion-text-3\"><p>Certifikat odli\u010dnosti AAA je dokaz verodnostojnosti in zanesljivosti na\u0161ega podjetja &#8211; visokih eti\u010dnih standardov, zmo\u017enosti pravo\u010dasnega pla\u010devanja obveznosti ter kvalitete na\u0161ih storitev in produktov.<\/p>\n<\/div><div class=\"fusion-clearfix\"><\/div><\/div><\/div><div class=\"fusion-layout-column fusion_builder_column fusion-builder-column-2 fusion_builder_column_1_1 1_1 fusion-one-full fusion-column-first fusion-column-last fusion-column-no-min-height\" style=\"--awb-bg-size:cover;--awb-margin-bottom:0px;\"><div class=\"fusion-column-wrapper fusion-flex-column-wrapper-legacy\"><div class=\"fusion-sep-clear\"><\/div><div class=\"fusion-separator fusion-full-width-sep\" style=\"margin-left: auto;margin-right: auto;margin-top:20px;margin-bottom:20px;width:100%;\"><\/div><div class=\"fusion-sep-clear\"><\/div><div class=\"fusion-clearfix\"><\/div><\/div><\/div><\/div><\/div>\n","protected":false},"excerpt":{"rendered":"","protected":false},"author":1,"featured_media":0,"parent":0,"menu_order":0,"comment_status":"open","ping_status":"open","template":"","meta":{"_acf_changed":false,"footnotes":""},"class_list":["post-12564","page","type-page","status-publish","hentry"],"acf":[],"_links":{"self":[{"href":"https:\/\/www.gmprojekt.si\/sl\/wp-json\/wp\/v2\/pages\/12564","targetHints":{"allow":["GET"]}}],"collection":[{"href":"https:\/\/www.gmprojekt.si\/sl\/wp-json\/wp\/v2\/pages"}],"about":[{"href":"https:\/\/www.gmprojekt.si\/sl\/wp-json\/wp\/v2\/types\/page"}],"author":[{"embeddable":true,"href":"https:\/\/www.gmprojekt.si\/sl\/wp-json\/wp\/v2\/users\/1"}],"replies":[{"embeddable":true,"href":"https:\/\/www.gmprojekt.si\/sl\/wp-json\/wp\/v2\/comments?post=12564"}],"version-history":[{"count":3,"href":"https:\/\/www.gmprojekt.si\/sl\/wp-json\/wp\/v2\/pages\/12564\/revisions"}],"predecessor-version":[{"id":13018,"href":"https:\/\/www.gmprojekt.si\/sl\/wp-json\/wp\/v2\/pages\/12564\/revisions\/13018"}],"wp:attachment":[{"href":"https:\/\/www.gmprojekt.si\/sl\/wp-json\/wp\/v2\/media?parent=12564"}],"curies":[{"name":"wp","href":"https:\/\/api.w.org\/{rel}","templated":true}]}}