{"id":12066,"date":"2015-10-11T14:23:58","date_gmt":"2015-10-11T12:23:58","guid":{"rendered":"https:\/\/www.gmprojekt.si\/iris-id-biometrics\/?lang=sl"},"modified":"2023-09-05T17:54:58","modified_gmt":"2023-09-05T15:54:58","slug":"iris-id-biometrija","status":"publish","type":"page","link":"https:\/\/www.gmprojekt.si\/sl\/iris-id-biometrija\/","title":{"rendered":"BIOMETRIJA \u0160ARENICE"},"content":{"rendered":"<div class=\"fusion-fullwidth fullwidth-box fusion-builder-row-1 hundred-percent-fullwidth non-hundred-percent-height-scrolling\" style=\"--awb-border-radius-top-left:0px;--awb-border-radius-top-right:0px;--awb-border-radius-bottom-right:0px;--awb-border-radius-bottom-left:0px;--awb-overflow:visible;--awb-flex-wrap:wrap;\" ><div class=\"fusion-builder-row fusion-row\"><div class=\"fusion-layout-column fusion_builder_column fusion-builder-column-0 fusion_builder_column_1_2 1_2 fusion-one-half fusion-column-first\" style=\"--awb-bg-size:cover;width:48%; margin-right: 4%;\"><div class=\"fusion-column-wrapper fusion-flex-column-wrapper-legacy\"><div class=\"fusion-title title fusion-title-1 fusion-title-text fusion-title-size-three\" style=\"--awb-margin-top-small:10px;--awb-margin-right-small:0px;--awb-margin-bottom-small:10px;--awb-margin-left-small:0px;\"><h3 class=\"fusion-title-heading title-heading-left\" style=\"margin:0;\"><\/h3><span class=\"awb-title-spacer\"><\/span><div class=\"title-sep-container\"><div class=\"title-sep sep-single sep-solid\" style=\"border-color:#e0dede;\"><\/div><\/div><\/div><div class=\"fusion-text fusion-text-1\"><p><strong>GM PROJEKT vam pomaga do optimalne varnostne biometri\u010dne re\u0161itve skloadno z va\u0161imi potrebami.<\/strong><\/p>\n<p>Smo specialisti v biometriji in vzpostavljamo najvarnej\u0161e biometri\u010dne sisteme z razpoznavanjem o\u010desne \u0161arenice za nadziranje dostopa in delovnega \u010dasa.<\/p>\n<\/div><div class=\"fusion-text fusion-text-2\"><p><strong>RE\u0160ITVE &#8220;IRIS ID&#8221; Z NAJVI\u0160JIMI VARNOSTNIMI STANDARDI SO NAMENJENE ZA:<\/strong><\/p>\n<ul>\n<li>PODATKOVNE CENTRE, VARNE SBE, ARHIVSKE SOBE<\/li>\n<li>BANKE, ZAVAROVALNICE IN FINAN\u010cNE USTANOVE<\/li>\n<li>POLICIJO, VOJSKO, MINISTRSTVS IN DRUGA VLADNA TELESA<\/li>\n<li>LETALI\u0160\u010cA IN MEJNE PREHODE<\/li>\n<li>INDUSTRIJSKE, ZDRAVSTVENE IN FARMACIJSKE LABORATORIJE<\/li>\n<li>KRITI\u010cNO DR\u017dAVNO INFRASTRUKTURO<\/li>\n<li>JAVNO VARNOST IN SODSTVO<\/li>\n<li>LUKSUZNA STANOVANJA IN VILE<\/li>\n<li>DRUGE JAVNE IN ZASEBNE STAVBE Z NAJVI\u0160JIMI VARNOSTNIMI ZAHTEVAMI<\/li>\n<\/ul>\n<\/div><div class=\"fusion-clearfix\"><\/div><\/div><\/div><div class=\"fusion-layout-column fusion_builder_column fusion-builder-column-1 fusion_builder_column_1_2 1_2 fusion-one-half fusion-column-last\" style=\"--awb-bg-size:cover;width:48%;\"><div class=\"fusion-column-wrapper fusion-flex-column-wrapper-legacy\"><div class=\"fusion-title title fusion-title-2 fusion-title-text fusion-title-size-three\" style=\"--awb-margin-top-small:10px;--awb-margin-right-small:0px;--awb-margin-bottom-small:10px;--awb-margin-left-small:0px;\"><h3 class=\"fusion-title-heading title-heading-left\" style=\"margin:0;\">Po\u0161ljite nam vpra\u0161anje, predlog ali povpra\u0161evanje<\/h3><span class=\"awb-title-spacer\"><\/span><div class=\"title-sep-container\"><div class=\"title-sep sep-single sep-solid\" style=\"border-color:#e0dede;\"><\/div><\/div><\/div><div class=\"fusion-text fusion-text-3\">\n<div class=\"wpcf7 no-js\" id=\"wpcf7-f12599-o1\" lang=\"sl-SI\" dir=\"ltr\" data-wpcf7-id=\"12599\">\n<div class=\"screen-reader-response\"><p role=\"status\" aria-live=\"polite\" aria-atomic=\"true\"><\/p> <ul><\/ul><\/div>\n<form action=\"\/sl\/wp-json\/wp\/v2\/pages\/12066#wpcf7-f12599-o1\" method=\"post\" class=\"wpcf7-form init\" aria-label=\"Kontaktni obrazec\" novalidate=\"novalidate\" data-status=\"init\">\n<fieldset class=\"hidden-fields-container\"><input type=\"hidden\" name=\"_wpcf7\" value=\"12599\" \/><input type=\"hidden\" name=\"_wpcf7_version\" value=\"6.1.5\" \/><input type=\"hidden\" name=\"_wpcf7_locale\" value=\"sl_SI\" \/><input type=\"hidden\" name=\"_wpcf7_unit_tag\" value=\"wpcf7-f12599-o1\" \/><input type=\"hidden\" name=\"_wpcf7_container_post\" value=\"0\" \/><input type=\"hidden\" name=\"_wpcf7_posted_data_hash\" value=\"\" \/>\n<\/fieldset>\n<fieldset>\n\t<legend>Va\u0161i podatki\n\t<\/legend>\n\t<ol>\n\t\t<li>\n\t\t\t<p>Ime <span class=\"wpcf7-form-control-wrap\" data-name=\"cf7s-name\"><input size=\"40\" maxlength=\"400\" class=\"wpcf7-form-control wpcf7-text\" aria-invalid=\"false\" value=\"\" type=\"text\" name=\"cf7s-name\" \/><\/span>\n\t\t\t<\/p>\n\t\t<\/li>\n\t\t<li>\n\t\t\t<p>E-po\u0161ta <span class=\"wpcf7-form-control-wrap\" data-name=\"cf7s-email\"><input size=\"40\" maxlength=\"400\" class=\"wpcf7-form-control wpcf7-email wpcf7-validates-as-required wpcf7-text wpcf7-validates-as-email\" aria-required=\"true\" aria-invalid=\"false\" value=\"\" type=\"email\" name=\"cf7s-email\" \/><\/span>\n\t\t\t<\/p>\n\t\t<\/li>\n\t\t<li>\n\t\t\t<p>Telefon <span class=\"wpcf7-form-control-wrap\" data-name=\"cf7s-phone\"><input size=\"40\" maxlength=\"400\" class=\"wpcf7-form-control wpcf7-text\" aria-invalid=\"false\" value=\"\" type=\"text\" name=\"cf7s-phone\" \/><\/span>\n\t\t\t<\/p>\n\t\t<\/li>\n\t\t<li>\n\t\t\t<p>Sporo\u010dilo <span class=\"wpcf7-form-control-wrap\" data-name=\"cf7s-message\"><textarea cols=\"40\" rows=\"10\" maxlength=\"2000\" class=\"wpcf7-form-control wpcf7-textarea\" aria-invalid=\"false\" name=\"cf7s-message\"><\/textarea><\/span>\n\t\t\t<\/p>\n\t\t<\/li>\n\t<\/ol>\n\t<p><input class=\"wpcf7-form-control wpcf7-submit has-spinner\" type=\"submit\" value=\"Po\u0161lji\" \/>\n\t<\/p>\n\t<p>*Obvezno\n\t<\/p>\n<\/fieldset>\n<p style=\"display: none !important;\" class=\"akismet-fields-container\" data-prefix=\"_wpcf7_ak_\"><label>&#916;<textarea name=\"_wpcf7_ak_hp_textarea\" cols=\"45\" rows=\"8\" maxlength=\"100\"><\/textarea><\/label><input type=\"hidden\" id=\"ak_js_1\" name=\"_wpcf7_ak_js\" value=\"120\"\/><script>document.getElementById( \"ak_js_1\" ).setAttribute( \"value\", ( new Date() ).getTime() );<\/script><\/p><div class=\"fusion-alert alert custom alert-custom fusion-alert-center wpcf7-response-output fusion-alert-capitalize awb-alert-native-link-color alert-dismissable awb-alert-close-boxed\" style=\"--awb-border-top-left-radius:0px;--awb-border-top-right-radius:0px;--awb-border-bottom-left-radius:0px;--awb-border-bottom-right-radius:0px;\" role=\"alert\"><div class=\"fusion-alert-content-wrapper\"><span class=\"fusion-alert-content\"><\/span><\/div><button type=\"button\" class=\"close toggle-alert\" data-dismiss=\"alert\" aria-label=\"Close\">&times;<\/button><\/div>\n<\/form>\n<\/div>\n\n<\/div><div class=\"fusion-clearfix\"><\/div><\/div><\/div><\/div><\/div>\n","protected":false},"excerpt":{"rendered":"","protected":false},"author":1,"featured_media":0,"parent":0,"menu_order":0,"comment_status":"closed","ping_status":"closed","template":"","meta":{"_acf_changed":false,"footnotes":""},"class_list":["post-12066","page","type-page","status-publish","hentry"],"acf":[],"_links":{"self":[{"href":"https:\/\/www.gmprojekt.si\/sl\/wp-json\/wp\/v2\/pages\/12066","targetHints":{"allow":["GET"]}}],"collection":[{"href":"https:\/\/www.gmprojekt.si\/sl\/wp-json\/wp\/v2\/pages"}],"about":[{"href":"https:\/\/www.gmprojekt.si\/sl\/wp-json\/wp\/v2\/types\/page"}],"author":[{"embeddable":true,"href":"https:\/\/www.gmprojekt.si\/sl\/wp-json\/wp\/v2\/users\/1"}],"replies":[{"embeddable":true,"href":"https:\/\/www.gmprojekt.si\/sl\/wp-json\/wp\/v2\/comments?post=12066"}],"version-history":[{"count":3,"href":"https:\/\/www.gmprojekt.si\/sl\/wp-json\/wp\/v2\/pages\/12066\/revisions"}],"predecessor-version":[{"id":13028,"href":"https:\/\/www.gmprojekt.si\/sl\/wp-json\/wp\/v2\/pages\/12066\/revisions\/13028"}],"wp:attachment":[{"href":"https:\/\/www.gmprojekt.si\/sl\/wp-json\/wp\/v2\/media?parent=12066"}],"curies":[{"name":"wp","href":"https:\/\/api.w.org\/{rel}","templated":true}]}}